{"id":5759,"date":"2023-07-28T09:13:37","date_gmt":"2023-07-28T09:13:37","guid":{"rendered":"http:\/\/carbolt.de\/?post_type=product&#038;p=5759"},"modified":"2024-11-27T09:35:26","modified_gmt":"2024-11-27T09:35:26","slug":"carbolt-100-trailer-coupling-lock-reducer","status":"publish","type":"product","link":"https:\/\/carbolt.de\/en\/carbolt\/carbolt-100-anhangerkupplungsschloss-reduzierstuck\/","title":{"rendered":"Reducing piece and stop rubber for Carbolt 100"},"content":{"rendered":"<p>For vehicles where the distance between the rear doors and the trailer coupling is relatively large, a reducer is available.<\/p>\n<p>The standard depth of the Carbolt 100 is 80mm, measured from the centre of the tow ball towards the rear doors.<br \/>\nWhen the reducer is installed, the depth increases to a total of 140 MM.<\/p>\n<p>The rubber buffer strip ensures that the door is not damaged when the door is opened while the trailer hitch lock is still installed.<\/p>\n<p>Please note that the reducer is supplied without the Carbolt 100 tow bar lock. This must be ordered separately.<\/p>\n<p><iframe loading=\"lazy\" title=\"Carbolt 100 Trehaakslot\" width=\"1290\" height=\"726\" src=\"https:\/\/www.youtube.com\/embed\/ZhqMlVB9r5c?feature=oembed\" frameborder=\"0\" allow=\"accelerometer; autoplay; clipboard-write; encrypted-media; gyroscope; picture-in-picture; web-share\" referrerpolicy=\"strict-origin-when-cross-origin\" allowfullscreen><\/iframe><\/p>\n<p>&nbsp;<\/p>\n<p>&nbsp;<\/p>","protected":false},"excerpt":{"rendered":"<p>F\u00fcr Fahrzeuge, bei denen der Abstand zwischen Heckt\u00fcren und Anh\u00e4ngerkupplung relativ gro\u00df ist, ist ein Reduzierst\u00fcck erh\u00e4ltlich. Die Standardtiefe des Carbolt 100 betr\u00e4gt 80 mm, gemessen von der Mitte der Kupplungskugel in Richtung der Hintert\u00fcren. Bei montiertem Reduzierst\u00fcck erh\u00f6ht sich die Tiefe auf insgesamt 140 MM. Die Gummipufferleiste sorgt daf\u00fcr, dass die T\u00fcr beim \u00d6ffnen [&hellip;]<\/p>\n","protected":false},"featured_media":5757,"template":"","meta":[],"product_brand":[],"product_cat":[31],"product_tag":[],"class_list":{"0":"post-5759","1":"product","2":"type-product","3":"status-publish","4":"has-post-thumbnail","6":"product_cat-carbolt","8":"first","9":"instock","10":"taxable","11":"shipping-taxable","12":"purchasable","13":"product-type-variable"},"_links":{"self":[{"href":"https:\/\/carbolt.de\/en\/wp-json\/wp\/v2\/product\/5759","targetHints":{"allow":["GET"]}}],"collection":[{"href":"https:\/\/carbolt.de\/en\/wp-json\/wp\/v2\/product"}],"about":[{"href":"https:\/\/carbolt.de\/en\/wp-json\/wp\/v2\/types\/product"}],"wp:featuredmedia":[{"embeddable":true,"href":"https:\/\/carbolt.de\/en\/wp-json\/wp\/v2\/media\/5757"}],"wp:attachment":[{"href":"https:\/\/carbolt.de\/en\/wp-json\/wp\/v2\/media?parent=5759"}],"wp:term":[{"taxonomy":"product_brand","embeddable":true,"href":"https:\/\/carbolt.de\/en\/wp-json\/wp\/v2\/product_brand?post=5759"},{"taxonomy":"product_cat","embeddable":true,"href":"https:\/\/carbolt.de\/en\/wp-json\/wp\/v2\/product_cat?post=5759"},{"taxonomy":"product_tag","embeddable":true,"href":"https:\/\/carbolt.de\/en\/wp-json\/wp\/v2\/product_tag?post=5759"}],"curies":[{"name":"wp","href":"https:\/\/api.w.org\/{rel}","templated":true}]}}